{"id":420,"date":"2026-04-08T00:56:25","date_gmt":"2026-04-08T00:56:25","guid":{"rendered":"http:\/\/grupolindner.com.mx\/?page_id=420"},"modified":"2026-04-08T01:57:00","modified_gmt":"2026-04-08T01:57:00","slug":"aviso-de-privacidad","status":"publish","type":"page","link":"http:\/\/grupolindner.com.mx\/?page_id=420","title":{"rendered":"Aviso de Privacidad"},"content":{"rendered":"\n<p class=\"has-large-font-size\">Aviso de Privacidad<\/p>\n\n\n\n<p class=\"has-text-align-justify\">En <strong><mark style=\"background-color:#ffffff00;color:#2b2d5e\" class=\"has-inline-color\">Grupo Lindner S.A. de C.V.<\/mark><\/strong> valoramos y respetamos tu privacidad. La informaci\u00f3n personal que nos compartes a trav\u00e9s de nuestro sitio web es tratada de forma responsable, confidencial y conforme a la Ley Federal de Protecci\u00f3n de Datos Personales en Posesi\u00f3n de los Particulares (LFPDPPP).<\/p>\n\n\n\n<p class=\"has-text-align-justify\">Los datos personales que recabamos (como nombre, tel\u00e9fono o correo electr\u00f3nico) se utilizan \u00fanicamente para brindarte informaci\u00f3n, dar seguimiento a tus solicitudes y ofrecerte nuestros servicios.<\/p>\n\n\n\n<p class=\"has-text-align-justify\">En ning\u00fan caso compartimos tu informaci\u00f3n con terceros sin tu consentimiento, salvo cuando sea requerido por ley.<\/p>\n\n\n\n<p class=\"has-text-align-justify\">Puedes ejercer tus derechos de acceso, rectificaci\u00f3n, cancelaci\u00f3n u oposici\u00f3n (derechos ARCO) comunic\u00e1ndote con nosotros a trav\u00e9s del siguiente n\u00famero de contacto: <strong><mark style=\"background-color:rgba(0, 0, 0, 0);color:#2b2d5e\" class=\"has-inline-color\">5556830314<\/mark><\/strong><\/p>\n\n\n\n<p class=\"has-text-align-justify\">Nos reservamos el derecho de actualizar este Aviso de Privacidad en cualquier momento para cumplir con cambios legales o mejoras internas. Las modificaciones estar\u00e1n disponibles en este mismo sitio web.<\/p>\n\n\n\n<p class=\"has-text-align-justify\"><p class=\"has-text-align-left\">\u00daltima actualizaci\u00f3n: 7 de abril de 2026. <\/p><\/p>\n\n\n\n<p><\/p>\n","protected":false},"excerpt":{"rendered":"<p>Aviso de Privacidad En Grupo Lindner S.A. de C.V. valoramos y respetamos tu privacidad. La informaci\u00f3n personal que nos compartes a trav\u00e9s de nuestro sitio web es tratada de forma responsable, confidencial y conforme a la Ley Federal de Protecci\u00f3n de Datos Personales en Posesi\u00f3n de los Particulares (LFPDPPP). Los datos personales que recabamos (como [&hellip;]<\/p>\n","protected":false},"author":1,"featured_media":0,"parent":0,"menu_order":0,"comment_status":"closed","ping_status":"closed","template":"","meta":{"_joinchat":[],"footnotes":""},"class_list":["post-420","page","type-page","status-publish","hentry"],"_links":{"self":[{"href":"http:\/\/grupolindner.com.mx\/index.php?rest_route=\/wp\/v2\/pages\/420","targetHints":{"allow":["GET"]}}],"collection":[{"href":"http:\/\/grupolindner.com.mx\/index.php?rest_route=\/wp\/v2\/pages"}],"about":[{"href":"http:\/\/grupolindner.com.mx\/index.php?rest_route=\/wp\/v2\/types\/page"}],"author":[{"embeddable":true,"href":"http:\/\/grupolindner.com.mx\/index.php?rest_route=\/wp\/v2\/users\/1"}],"replies":[{"embeddable":true,"href":"http:\/\/grupolindner.com.mx\/index.php?rest_route=%2Fwp%2Fv2%2Fcomments&post=420"}],"version-history":[{"count":11,"href":"http:\/\/grupolindner.com.mx\/index.php?rest_route=\/wp\/v2\/pages\/420\/revisions"}],"predecessor-version":[{"id":432,"href":"http:\/\/grupolindner.com.mx\/index.php?rest_route=\/wp\/v2\/pages\/420\/revisions\/432"}],"wp:attachment":[{"href":"http:\/\/grupolindner.com.mx\/index.php?rest_route=%2Fwp%2Fv2%2Fmedia&parent=420"}],"curies":[{"name":"wp","href":"https:\/\/api.w.org\/{rel}","templated":true}]}}