{"id":396,"date":"2025-12-24T07:55:54","date_gmt":"2025-12-24T07:55:54","guid":{"rendered":"http:\/\/grupolindner.com.mx\/?page_id=396"},"modified":"2025-12-24T07:55:54","modified_gmt":"2025-12-24T07:55:54","slug":"series-gbc","status":"publish","type":"page","link":"http:\/\/grupolindner.com.mx\/?page_id=396","title":{"rendered":"SERIES GBC"},"content":{"rendered":"\n<p class=\"has-text-align-center has-x-large-font-size\">SERIES GCB<\/p>\n\n\n\n<div class=\"wp-block-media-text is-stacked-on-mobile\"><figure class=\"wp-block-media-text__media\"><img fetchpriority=\"high\" decoding=\"async\" width=\"800\" height=\"800\" src=\"http:\/\/grupolindner.com.mx\/wp-content\/uploads\/2025\/12\/series-gcb.jpg\" alt=\"\" class=\"wp-image-397 size-full\" srcset=\"http:\/\/grupolindner.com.mx\/wp-content\/uploads\/2025\/12\/series-gcb.jpg 800w, http:\/\/grupolindner.com.mx\/wp-content\/uploads\/2025\/12\/series-gcb-300x300.jpg 300w, http:\/\/grupolindner.com.mx\/wp-content\/uploads\/2025\/12\/series-gcb-150x150.jpg 150w, http:\/\/grupolindner.com.mx\/wp-content\/uploads\/2025\/12\/series-gcb-768x768.jpg 768w\" sizes=\"(max-width: 800px) 100vw, 800px\" \/><\/figure><div class=\"wp-block-media-text__content\">\n<p>Es el equipo de acabado de superficie con m\u00e9todo m\u00e1s veloz disponible.<br>Ideal para rebabeo, preparaci\u00f3n de superficie yo pulido de pr\u00f3tesis, instrumentos quir\u00fargicos y m\u00e9dicos, herramientas finas, monedas y medallas, joyer\u00eda, componentes met\u00e1licos finos.<br>Genera contacto intenso entre la media y las partes mediante contra-rotaci\u00f3n de alta velocidad de doble eje.<\/p>\n\n\n\n<p><\/p>\n\n\n\n<div class=\"wp-block-buttons is-layout-flex wp-block-buttons-is-layout-flex\">\n<div class=\"wp-block-button\"><a class=\"wp-block-button__link has-background wp-element-button\" href=\"http:\/\/grupolindner.com.mx\/?page_id=84\" style=\"background-color:#2b2d5e\">CONTACTO<\/a><\/div>\n<\/div>\n<\/div><\/div>\n\n\n\n<p><a href=\"http:\/\/\u2022\thttps:\/\/www.giantfinishing.com\/pages\/high-energy-centrifugal-barrel-gcb-series\"><em>M\u00e1s Informaci\u00f3n<\/em><\/a><\/p>\n","protected":false},"excerpt":{"rendered":"<p>SERIES GCB M\u00e1s Informaci\u00f3n<\/p>\n","protected":false},"author":1,"featured_media":0,"parent":0,"menu_order":0,"comment_status":"closed","ping_status":"closed","template":"","meta":{"_joinchat":[],"footnotes":""},"class_list":["post-396","page","type-page","status-publish","hentry"],"_links":{"self":[{"href":"http:\/\/grupolindner.com.mx\/index.php?rest_route=\/wp\/v2\/pages\/396","targetHints":{"allow":["GET"]}}],"collection":[{"href":"http:\/\/grupolindner.com.mx\/index.php?rest_route=\/wp\/v2\/pages"}],"about":[{"href":"http:\/\/grupolindner.com.mx\/index.php?rest_route=\/wp\/v2\/types\/page"}],"author":[{"embeddable":true,"href":"http:\/\/grupolindner.com.mx\/index.php?rest_route=\/wp\/v2\/users\/1"}],"replies":[{"embeddable":true,"href":"http:\/\/grupolindner.com.mx\/index.php?rest_route=%2Fwp%2Fv2%2Fcomments&post=396"}],"version-history":[{"count":1,"href":"http:\/\/grupolindner.com.mx\/index.php?rest_route=\/wp\/v2\/pages\/396\/revisions"}],"predecessor-version":[{"id":398,"href":"http:\/\/grupolindner.com.mx\/index.php?rest_route=\/wp\/v2\/pages\/396\/revisions\/398"}],"wp:attachment":[{"href":"http:\/\/grupolindner.com.mx\/index.php?rest_route=%2Fwp%2Fv2%2Fmedia&parent=396"}],"curies":[{"name":"wp","href":"https:\/\/api.w.org\/{rel}","templated":true}]}}