{"id":370,"date":"2025-12-16T23:31:18","date_gmt":"2025-12-16T23:31:18","guid":{"rendered":"http:\/\/grupolindner.com.mx\/?page_id=370"},"modified":"2025-12-24T08:03:10","modified_gmt":"2025-12-24T08:03:10","slug":"series-gcb","status":"publish","type":"page","link":"http:\/\/grupolindner.com.mx\/?page_id=370","title":{"rendered":"SISTEMAS INTEGRADOS"},"content":{"rendered":"\n<p class=\"has-text-align-center has-x-large-font-size\">SISTEMAS INTEGRADOS<\/p>\n\n\n\n<div class=\"wp-block-media-text is-stacked-on-mobile\"><figure class=\"wp-block-media-text__media\"><img fetchpriority=\"high\" decoding=\"async\" width=\"800\" height=\"800\" src=\"http:\/\/grupolindner.com.mx\/wp-content\/uploads\/2025\/12\/sistemas-integrados.jpg\" alt=\"\" class=\"wp-image-400 size-full\" srcset=\"http:\/\/grupolindner.com.mx\/wp-content\/uploads\/2025\/12\/sistemas-integrados.jpg 800w, http:\/\/grupolindner.com.mx\/wp-content\/uploads\/2025\/12\/sistemas-integrados-300x300.jpg 300w, http:\/\/grupolindner.com.mx\/wp-content\/uploads\/2025\/12\/sistemas-integrados-150x150.jpg 150w, http:\/\/grupolindner.com.mx\/wp-content\/uploads\/2025\/12\/sistemas-integrados-768x768.jpg 768w\" sizes=\"(max-width: 800px) 100vw, 800px\" \/><\/figure><div class=\"wp-block-media-text__content\">\n<p>Sistemas que a\u00f1aden elementos de manejo de materiales, operaciones previas al vibrado como estampados, maquinados, para integrar con procesos posteriores tales como lavados, pasivados, secados posteriores, todo en una sola c\u00e9lula de producci\u00f3n sea o no con alg\u00fan control central.<\/p>\n\n\n\n<div class=\"wp-block-buttons is-layout-flex wp-block-buttons-is-layout-flex\">\n<div class=\"wp-block-button\"><a class=\"wp-block-button__link has-background wp-element-button\" style=\"background-color:#2b2d5e\">CONTACTO<\/a><\/div>\n<\/div>\n\n\n\n<figure class=\"wp-block-embed is-type-video is-provider-youtube wp-block-embed-youtube wp-embed-aspect-4-3 wp-has-aspect-ratio\"><div class=\"wp-block-embed__wrapper\">\n<iframe title=\"24 Giant Finishing - Giant Bowl Series - GB-10ST\" width=\"500\" height=\"375\" src=\"https:\/\/www.youtube.com\/embed\/QCnp9LnhVgk?feature=oembed\" frameborder=\"0\" allow=\"accelerometer; autoplay; clipboard-write; encrypted-media; gyroscope; picture-in-picture; web-share\" referrerpolicy=\"strict-origin-when-cross-origin\" allowfullscreen><\/iframe>\n<\/div><\/figure>\n<\/div><\/div>\n\n\n\n<p><em><a href=\"http:\/\/\u2022\thttps:\/\/www.giantfinishing.com\/pages\/engineered-systems\">M\u00e1s informaci\u00f3n<\/a><\/em><\/p>\n","protected":false},"excerpt":{"rendered":"<p>SISTEMAS INTEGRADOS M\u00e1s informaci\u00f3n<\/p>\n","protected":false},"author":1,"featured_media":0,"parent":0,"menu_order":0,"comment_status":"closed","ping_status":"closed","template":"","meta":{"_joinchat":[],"footnotes":""},"class_list":["post-370","page","type-page","status-publish","hentry"],"_links":{"self":[{"href":"http:\/\/grupolindner.com.mx\/index.php?rest_route=\/wp\/v2\/pages\/370","targetHints":{"allow":["GET"]}}],"collection":[{"href":"http:\/\/grupolindner.com.mx\/index.php?rest_route=\/wp\/v2\/pages"}],"about":[{"href":"http:\/\/grupolindner.com.mx\/index.php?rest_route=\/wp\/v2\/types\/page"}],"author":[{"embeddable":true,"href":"http:\/\/grupolindner.com.mx\/index.php?rest_route=\/wp\/v2\/users\/1"}],"replies":[{"embeddable":true,"href":"http:\/\/grupolindner.com.mx\/index.php?rest_route=%2Fwp%2Fv2%2Fcomments&post=370"}],"version-history":[{"count":4,"href":"http:\/\/grupolindner.com.mx\/index.php?rest_route=\/wp\/v2\/pages\/370\/revisions"}],"predecessor-version":[{"id":401,"href":"http:\/\/grupolindner.com.mx\/index.php?rest_route=\/wp\/v2\/pages\/370\/revisions\/401"}],"wp:attachment":[{"href":"http:\/\/grupolindner.com.mx\/index.php?rest_route=%2Fwp%2Fv2%2Fmedia&parent=370"}],"curies":[{"name":"wp","href":"https:\/\/api.w.org\/{rel}","templated":true}]}}