{"id":358,"date":"2025-12-16T23:27:07","date_gmt":"2025-12-16T23:27:07","guid":{"rendered":"http:\/\/grupolindner.com.mx\/?page_id=358"},"modified":"2025-12-24T06:46:09","modified_gmt":"2025-12-24T06:46:09","slug":"series-wedge","status":"publish","type":"page","link":"http:\/\/grupolindner.com.mx\/?page_id=358","title":{"rendered":"SERIES WEDGE"},"content":{"rendered":"\n<p class=\"has-text-align-center has-large-font-size\">SERIES WEDGE<\/p>\n\n\n\n<div class=\"wp-block-media-text is-stacked-on-mobile\"><figure class=\"wp-block-media-text__media\"><img fetchpriority=\"high\" decoding=\"async\" width=\"800\" height=\"800\" src=\"http:\/\/grupolindner.com.mx\/wp-content\/uploads\/2025\/12\/SERIES-WEDGE.jpg\" alt=\"\" class=\"wp-image-378 size-full\" srcset=\"http:\/\/grupolindner.com.mx\/wp-content\/uploads\/2025\/12\/SERIES-WEDGE.jpg 800w, http:\/\/grupolindner.com.mx\/wp-content\/uploads\/2025\/12\/SERIES-WEDGE-300x300.jpg 300w, http:\/\/grupolindner.com.mx\/wp-content\/uploads\/2025\/12\/SERIES-WEDGE-150x150.jpg 150w, http:\/\/grupolindner.com.mx\/wp-content\/uploads\/2025\/12\/SERIES-WEDGE-768x768.jpg 768w\" sizes=\"(max-width: 800px) 100vw, 800px\" \/><\/figure><div class=\"wp-block-media-text__content\">\n<p>Unidades con tina recta de 1m con cubierta <\/p>\n\n\n\n<p>Bajo nivel de ruido, control de velocidad, tanque de sedimentaci\u00f3n de 38 lt., interno.<\/p>\n\n\n\n<p>Cubierta, ruedas para reubicaci\u00f3n, mono o trif\u00e1sica, bomba de recirculaci\u00f3n, gama de elementos opcionales adicionales.<\/p>\n\n\n\n<figure class=\"wp-block-embed is-type-video is-provider-youtube wp-block-embed-youtube wp-embed-aspect-16-9 wp-has-aspect-ratio\"><div class=\"wp-block-embed__wrapper\">\n<iframe title=\"141 W-5 Overview 2017\" width=\"500\" height=\"281\" src=\"https:\/\/www.youtube.com\/embed\/hmnO53I188c?feature=oembed\" frameborder=\"0\" allow=\"accelerometer; autoplay; clipboard-write; encrypted-media; gyroscope; picture-in-picture; web-share\" referrerpolicy=\"strict-origin-when-cross-origin\" allowfullscreen><\/iframe>\n<\/div><\/figure>\n\n\n\n<div class=\"wp-block-buttons is-layout-flex wp-block-buttons-is-layout-flex\">\n<div class=\"wp-block-button\"><a class=\"wp-block-button__link has-background wp-element-button\" href=\"http:\/\/grupolindner.com.mx\/?page_id=84\" style=\"background-color:#2b2d5e\">CONTACTO<\/a><\/div>\n<\/div>\n<\/div><\/div>\n\n\n\n<p><em><a href=\"http:\/\/\u2022\thttps:\/\/www.giantfinishing.com\/pages\/vibratory-tubs-wedge-series\" data-type=\"link\" data-id=\"\u2022\thttps:\/\/www.giantfinishing.com\/pages\/vibratory-tubs-wedge-series\">M\u00e1s informaci\u00f3n<\/a><\/em><\/p>\n","protected":false},"excerpt":{"rendered":"<p>SERIES WEDGE M\u00e1s informaci\u00f3n<\/p>\n","protected":false},"author":1,"featured_media":0,"parent":0,"menu_order":0,"comment_status":"closed","ping_status":"closed","template":"","meta":{"_joinchat":[],"footnotes":""},"class_list":["post-358","page","type-page","status-publish","hentry"],"_links":{"self":[{"href":"http:\/\/grupolindner.com.mx\/index.php?rest_route=\/wp\/v2\/pages\/358","targetHints":{"allow":["GET"]}}],"collection":[{"href":"http:\/\/grupolindner.com.mx\/index.php?rest_route=\/wp\/v2\/pages"}],"about":[{"href":"http:\/\/grupolindner.com.mx\/index.php?rest_route=\/wp\/v2\/types\/page"}],"author":[{"embeddable":true,"href":"http:\/\/grupolindner.com.mx\/index.php?rest_route=\/wp\/v2\/users\/1"}],"replies":[{"embeddable":true,"href":"http:\/\/grupolindner.com.mx\/index.php?rest_route=%2Fwp%2Fv2%2Fcomments&post=358"}],"version-history":[{"count":2,"href":"http:\/\/grupolindner.com.mx\/index.php?rest_route=\/wp\/v2\/pages\/358\/revisions"}],"predecessor-version":[{"id":379,"href":"http:\/\/grupolindner.com.mx\/index.php?rest_route=\/wp\/v2\/pages\/358\/revisions\/379"}],"wp:attachment":[{"href":"http:\/\/grupolindner.com.mx\/index.php?rest_route=%2Fwp%2Fv2%2Fmedia&parent=358"}],"curies":[{"name":"wp","href":"https:\/\/api.w.org\/{rel}","templated":true}]}}