{"id":330,"date":"2025-11-06T07:00:03","date_gmt":"2025-11-06T07:00:03","guid":{"rendered":"http:\/\/grupolindner.com.mx\/?page_id=330"},"modified":"2025-11-06T07:00:03","modified_gmt":"2025-11-06T07:00:03","slug":"custom","status":"publish","type":"page","link":"http:\/\/grupolindner.com.mx\/?page_id=330","title":{"rendered":"Custom"},"content":{"rendered":"\n<p class=\"has-text-align-center has-x-large-font-size\">CUSTOM<\/p>\n\n\n\n<div class=\"wp-block-media-text is-stacked-on-mobile\"><figure class=\"wp-block-media-text__media\"><img fetchpriority=\"high\" decoding=\"async\" width=\"800\" height=\"800\" src=\"http:\/\/grupolindner.com.mx\/wp-content\/uploads\/2025\/11\/Custom.jpg\" alt=\"\" class=\"wp-image-289 size-full\" srcset=\"http:\/\/grupolindner.com.mx\/wp-content\/uploads\/2025\/11\/Custom.jpg 800w, http:\/\/grupolindner.com.mx\/wp-content\/uploads\/2025\/11\/Custom-300x300.jpg 300w, http:\/\/grupolindner.com.mx\/wp-content\/uploads\/2025\/11\/Custom-150x150.jpg 150w, http:\/\/grupolindner.com.mx\/wp-content\/uploads\/2025\/11\/Custom-768x768.jpg 768w\" sizes=\"(max-width: 800px) 100vw, 800px\" \/><\/figure><div class=\"wp-block-media-text__content\">\n<p>Equipos de lavado, enjuague, etc., dise\u00f1ados para piezas \u00fanicas y espec\u00edficas con puntos de lavado particulares o cualquier otro requerimiento que precise de un equipo dise\u00f1ado especialmente para ellas.<br>Lavado\/secado de venas de lubricaci\u00f3n de cig\u00fce\u00f1ales, levas de \u00e1rboles, paraca\u00eddas militares, instrumentos m\u00e9dicos, y un largo etc\u00e9tera.<\/p>\n\n\n\n<p><\/p>\n<\/div><\/div>\n\n\n\n<p class=\"has-text-color has-link-color wp-elements-d58dd4ce3f2e2ea909e3fdc907138f57\" style=\"color:#2b2d5e\"><em><a href=\"https:\/\/adfsys.com\/parts-washers\/\">M\u00e1s Informaci\u00f3n <\/a><\/em><\/p>\n","protected":false},"excerpt":{"rendered":"<p>CUSTOM Equipos de lavado, enjuague, etc., dise\u00f1ados para piezas \u00fanicas y espec\u00edficas con puntos de lavado particulares o cualquier otro requerimiento que precise de un equipo dise\u00f1ado especialmente para ellas.Lavado\/secado de venas de lubricaci\u00f3n de cig\u00fce\u00f1ales, levas de \u00e1rboles, paraca\u00eddas militares, instrumentos m\u00e9dicos, y un largo etc\u00e9tera. M\u00e1s Informaci\u00f3n<\/p>\n","protected":false},"author":1,"featured_media":0,"parent":0,"menu_order":0,"comment_status":"closed","ping_status":"closed","template":"","meta":{"_joinchat":[],"footnotes":""},"class_list":["post-330","page","type-page","status-publish","hentry"],"_links":{"self":[{"href":"http:\/\/grupolindner.com.mx\/index.php?rest_route=\/wp\/v2\/pages\/330","targetHints":{"allow":["GET"]}}],"collection":[{"href":"http:\/\/grupolindner.com.mx\/index.php?rest_route=\/wp\/v2\/pages"}],"about":[{"href":"http:\/\/grupolindner.com.mx\/index.php?rest_route=\/wp\/v2\/types\/page"}],"author":[{"embeddable":true,"href":"http:\/\/grupolindner.com.mx\/index.php?rest_route=\/wp\/v2\/users\/1"}],"replies":[{"embeddable":true,"href":"http:\/\/grupolindner.com.mx\/index.php?rest_route=%2Fwp%2Fv2%2Fcomments&post=330"}],"version-history":[{"count":1,"href":"http:\/\/grupolindner.com.mx\/index.php?rest_route=\/wp\/v2\/pages\/330\/revisions"}],"predecessor-version":[{"id":331,"href":"http:\/\/grupolindner.com.mx\/index.php?rest_route=\/wp\/v2\/pages\/330\/revisions\/331"}],"wp:attachment":[{"href":"http:\/\/grupolindner.com.mx\/index.php?rest_route=%2Fwp%2Fv2%2Fmedia&parent=330"}],"curies":[{"name":"wp","href":"https:\/\/api.w.org\/{rel}","templated":true}]}}