{"id":328,"date":"2025-11-06T06:56:53","date_gmt":"2025-11-06T06:56:53","guid":{"rendered":"http:\/\/grupolindner.com.mx\/?page_id=328"},"modified":"2025-11-06T06:56:53","modified_gmt":"2025-11-06T06:56:53","slug":"spray-booth","status":"publish","type":"page","link":"http:\/\/grupolindner.com.mx\/?page_id=328","title":{"rendered":"Spray Booth"},"content":{"rendered":"\n<p class=\"has-text-align-center has-x-large-font-size\">SPRAY BOOTH<\/p>\n\n\n\n<div class=\"wp-block-media-text is-stacked-on-mobile\"><figure class=\"wp-block-media-text__media\"><img fetchpriority=\"high\" decoding=\"async\" width=\"800\" height=\"800\" src=\"http:\/\/grupolindner.com.mx\/wp-content\/uploads\/2025\/11\/Spray-booth.jpg\" alt=\"\" class=\"wp-image-288 size-full\" srcset=\"http:\/\/grupolindner.com.mx\/wp-content\/uploads\/2025\/11\/Spray-booth.jpg 800w, http:\/\/grupolindner.com.mx\/wp-content\/uploads\/2025\/11\/Spray-booth-300x300.jpg 300w, http:\/\/grupolindner.com.mx\/wp-content\/uploads\/2025\/11\/Spray-booth-150x150.jpg 150w, http:\/\/grupolindner.com.mx\/wp-content\/uploads\/2025\/11\/Spray-booth-768x768.jpg 768w\" sizes=\"(max-width: 800px) 100vw, 800px\" \/><\/figure><div class=\"wp-block-media-text__content\">\n<p>Gabinete de lavado de partes sobre dimensionadas. Con pistola y extensi\u00f3n con boquilla para manejo de alta presi\u00f3n, recirculaci\u00f3n de la soluci\u00f3n, temperatura establecida, dos niveles de filtraci\u00f3n.<br>Operaci\u00f3n confinada por paredes de contenci\u00f3n.<br>Aditamentos como tornamesa para giro de 360\u00b0 de las piezas tratar. Totes, tarimas de pl\u00e1stico, motores, etc.<\/p>\n\n\n\n<p><\/p>\n<\/div><\/div>\n\n\n\n<p class=\"has-text-color has-link-color wp-elements-dd931acadae1e558e5c7673317a3297c\" style=\"color:#2b2d5e\"><em><a href=\"https:\/\/adfsys.com\/parts-washers\/\" data-type=\"link\" data-id=\"https:\/\/adfsys.com\/parts-washers\/\">M\u00e1s Informaci\u00f3n<\/a><\/em><\/p>\n\n\n\n<p><\/p>\n","protected":false},"excerpt":{"rendered":"<p>SPRAY BOOTH Gabinete de lavado de partes sobre dimensionadas. Con pistola y extensi\u00f3n con boquilla para manejo de alta presi\u00f3n, recirculaci\u00f3n de la soluci\u00f3n, temperatura establecida, dos niveles de filtraci\u00f3n.Operaci\u00f3n confinada por paredes de contenci\u00f3n.Aditamentos como tornamesa para giro de 360\u00b0 de las piezas tratar. Totes, tarimas de pl\u00e1stico, motores, etc. M\u00e1s Informaci\u00f3n<\/p>\n","protected":false},"author":1,"featured_media":0,"parent":0,"menu_order":0,"comment_status":"closed","ping_status":"closed","template":"","meta":{"_joinchat":[],"footnotes":""},"class_list":["post-328","page","type-page","status-publish","hentry"],"_links":{"self":[{"href":"http:\/\/grupolindner.com.mx\/index.php?rest_route=\/wp\/v2\/pages\/328","targetHints":{"allow":["GET"]}}],"collection":[{"href":"http:\/\/grupolindner.com.mx\/index.php?rest_route=\/wp\/v2\/pages"}],"about":[{"href":"http:\/\/grupolindner.com.mx\/index.php?rest_route=\/wp\/v2\/types\/page"}],"author":[{"embeddable":true,"href":"http:\/\/grupolindner.com.mx\/index.php?rest_route=\/wp\/v2\/users\/1"}],"replies":[{"embeddable":true,"href":"http:\/\/grupolindner.com.mx\/index.php?rest_route=%2Fwp%2Fv2%2Fcomments&post=328"}],"version-history":[{"count":1,"href":"http:\/\/grupolindner.com.mx\/index.php?rest_route=\/wp\/v2\/pages\/328\/revisions"}],"predecessor-version":[{"id":329,"href":"http:\/\/grupolindner.com.mx\/index.php?rest_route=\/wp\/v2\/pages\/328\/revisions\/329"}],"wp:attachment":[{"href":"http:\/\/grupolindner.com.mx\/index.php?rest_route=%2Fwp%2Fv2%2Fmedia&parent=328"}],"curies":[{"name":"wp","href":"https:\/\/api.w.org\/{rel}","templated":true}]}}