{"id":326,"date":"2025-11-06T06:53:53","date_gmt":"2025-11-06T06:53:53","guid":{"rendered":"http:\/\/grupolindner.com.mx\/?page_id=326"},"modified":"2025-11-06T06:53:53","modified_gmt":"2025-11-06T06:53:53","slug":"flow-through","status":"publish","type":"page","link":"http:\/\/grupolindner.com.mx\/?page_id=326","title":{"rendered":"Flow Through"},"content":{"rendered":"\n<p class=\"has-text-align-center has-x-large-font-size\">FLOW THROUGH<\/p>\n\n\n\n<div class=\"wp-block-media-text is-stacked-on-mobile\"><figure class=\"wp-block-media-text__media\"><img fetchpriority=\"high\" decoding=\"async\" width=\"800\" height=\"800\" src=\"http:\/\/grupolindner.com.mx\/wp-content\/uploads\/2025\/11\/Flow-through.jpg\" alt=\"\" class=\"wp-image-287 size-full\" srcset=\"http:\/\/grupolindner.com.mx\/wp-content\/uploads\/2025\/11\/Flow-through.jpg 800w, http:\/\/grupolindner.com.mx\/wp-content\/uploads\/2025\/11\/Flow-through-300x300.jpg 300w, http:\/\/grupolindner.com.mx\/wp-content\/uploads\/2025\/11\/Flow-through-150x150.jpg 150w, http:\/\/grupolindner.com.mx\/wp-content\/uploads\/2025\/11\/Flow-through-768x768.jpg 768w\" sizes=\"(max-width: 800px) 100vw, 800px\" \/><\/figure><div class=\"wp-block-media-text__content\">\n<p>Sistemas de lavados, enjuagues y secados de t\u00fanel y banda de transporte. Con zonas de carga y descarga, manual o autom\u00e1tica. Etapas simples o m\u00faltiples seg\u00fan requerimiento espec\u00edfico de procesamiento y vol\u00famenes de producci\u00f3n. T\u00fanel con apertura y banda con las dimensiones espec\u00edficas para correr gama de piezas a lavar. Diversos tipos de bandas y movimiento de banda para indexado, avance con velocidad variable, etc.<\/p>\n<\/div><\/div>\n\n\n\n<p class=\"has-text-color has-link-color wp-elements-dd931acadae1e558e5c7673317a3297c\" style=\"color:#2b2d5e\"><em><a href=\"https:\/\/adfsys.com\/parts-washers\/\" data-type=\"link\" data-id=\"https:\/\/adfsys.com\/parts-washers\/\">M\u00e1s Informaci\u00f3n<\/a><\/em><\/p>\n","protected":false},"excerpt":{"rendered":"<p>FLOW THROUGH Sistemas de lavados, enjuagues y secados de t\u00fanel y banda de transporte. Con zonas de carga y descarga, manual o autom\u00e1tica. Etapas simples o m\u00faltiples seg\u00fan requerimiento espec\u00edfico de procesamiento y vol\u00famenes de producci\u00f3n. T\u00fanel con apertura y banda con las dimensiones espec\u00edficas para correr gama de piezas a lavar. Diversos tipos de [&hellip;]<\/p>\n","protected":false},"author":1,"featured_media":0,"parent":0,"menu_order":0,"comment_status":"closed","ping_status":"closed","template":"","meta":{"_joinchat":[],"footnotes":""},"class_list":["post-326","page","type-page","status-publish","hentry"],"_links":{"self":[{"href":"http:\/\/grupolindner.com.mx\/index.php?rest_route=\/wp\/v2\/pages\/326","targetHints":{"allow":["GET"]}}],"collection":[{"href":"http:\/\/grupolindner.com.mx\/index.php?rest_route=\/wp\/v2\/pages"}],"about":[{"href":"http:\/\/grupolindner.com.mx\/index.php?rest_route=\/wp\/v2\/types\/page"}],"author":[{"embeddable":true,"href":"http:\/\/grupolindner.com.mx\/index.php?rest_route=\/wp\/v2\/users\/1"}],"replies":[{"embeddable":true,"href":"http:\/\/grupolindner.com.mx\/index.php?rest_route=%2Fwp%2Fv2%2Fcomments&post=326"}],"version-history":[{"count":1,"href":"http:\/\/grupolindner.com.mx\/index.php?rest_route=\/wp\/v2\/pages\/326\/revisions"}],"predecessor-version":[{"id":327,"href":"http:\/\/grupolindner.com.mx\/index.php?rest_route=\/wp\/v2\/pages\/326\/revisions\/327"}],"wp:attachment":[{"href":"http:\/\/grupolindner.com.mx\/index.php?rest_route=%2Fwp%2Fv2%2Fmedia&parent=326"}],"curies":[{"name":"wp","href":"https:\/\/api.w.org\/{rel}","templated":true}]}}