{"id":323,"date":"2025-11-06T06:50:22","date_gmt":"2025-11-06T06:50:22","guid":{"rendered":"http:\/\/grupolindner.com.mx\/?page_id=323"},"modified":"2025-11-07T17:04:32","modified_gmt":"2025-11-07T17:04:32","slug":"glove-box","status":"publish","type":"page","link":"http:\/\/grupolindner.com.mx\/?page_id=323","title":{"rendered":"Glove Box"},"content":{"rendered":"\n<p class=\"has-text-align-center has-x-large-font-size\">GLOVE BOX<\/p>\n\n\n\n<div class=\"wp-block-media-text is-stacked-on-mobile\"><figure class=\"wp-block-media-text__media\"><img fetchpriority=\"high\" decoding=\"async\" width=\"800\" height=\"800\" src=\"http:\/\/grupolindner.com.mx\/wp-content\/uploads\/2025\/11\/Glovebox.jpg\" alt=\"\" class=\"wp-image-286 size-full\" srcset=\"http:\/\/grupolindner.com.mx\/wp-content\/uploads\/2025\/11\/Glovebox.jpg 800w, http:\/\/grupolindner.com.mx\/wp-content\/uploads\/2025\/11\/Glovebox-300x300.jpg 300w, http:\/\/grupolindner.com.mx\/wp-content\/uploads\/2025\/11\/Glovebox-150x150.jpg 150w, http:\/\/grupolindner.com.mx\/wp-content\/uploads\/2025\/11\/Glovebox-768x768.jpg 768w\" sizes=\"(max-width: 800px) 100vw, 800px\" \/><\/figure><div class=\"wp-block-media-text__content\">\n<p>Cabina de lavado M-500 con pistola chorro de de alta presi\u00f3n. Ideal para piezas especiales y con geometr\u00edas diversas y complejas mediante soluci\u00f3n base agua, detergente biodegradable, control de temperatura y una presi\u00f3n de 500 PSI.<br>Cuenta con chifl\u00f3n manual de aire a presi\u00f3n para remoci\u00f3n de remanentes de agua previo a su retiro de la cabina. Como todos los modelos est\u00e1ndar, esta unidad puede adaptarse para semiautomatizarse, a\u00f1adir funciones, etc.<\/p>\n\n\n\n<p><\/p>\n\n\n\n<div class=\"wp-block-buttons is-horizontal is-layout-flex wp-block-buttons-is-layout-flex\">\n<div class=\"wp-block-button\"><a class=\"wp-block-button__link has-background wp-element-button\" style=\"background-color:#2b2d5e\">CONTACTO<\/a><\/div>\n<\/div>\n<\/div><\/div>\n\n\n\n<p class=\"has-text-color has-link-color wp-elements-93f3e462a86f198178dfa3ce9fcebf9b\" style=\"color:#2b2d5e\"><em><a href=\"https:\/\/adfsys.com\/parts-washers\/\">M\u00e1s Informaci\u00f3n<\/a><\/em><\/p>\n","protected":false},"excerpt":{"rendered":"<p>GLOVE BOX M\u00e1s Informaci\u00f3n<\/p>\n","protected":false},"author":1,"featured_media":0,"parent":0,"menu_order":0,"comment_status":"closed","ping_status":"closed","template":"","meta":{"_joinchat":[],"footnotes":""},"class_list":["post-323","page","type-page","status-publish","hentry"],"_links":{"self":[{"href":"http:\/\/grupolindner.com.mx\/index.php?rest_route=\/wp\/v2\/pages\/323","targetHints":{"allow":["GET"]}}],"collection":[{"href":"http:\/\/grupolindner.com.mx\/index.php?rest_route=\/wp\/v2\/pages"}],"about":[{"href":"http:\/\/grupolindner.com.mx\/index.php?rest_route=\/wp\/v2\/types\/page"}],"author":[{"embeddable":true,"href":"http:\/\/grupolindner.com.mx\/index.php?rest_route=\/wp\/v2\/users\/1"}],"replies":[{"embeddable":true,"href":"http:\/\/grupolindner.com.mx\/index.php?rest_route=%2Fwp%2Fv2%2Fcomments&post=323"}],"version-history":[{"count":3,"href":"http:\/\/grupolindner.com.mx\/index.php?rest_route=\/wp\/v2\/pages\/323\/revisions"}],"predecessor-version":[{"id":357,"href":"http:\/\/grupolindner.com.mx\/index.php?rest_route=\/wp\/v2\/pages\/323\/revisions\/357"}],"wp:attachment":[{"href":"http:\/\/grupolindner.com.mx\/index.php?rest_route=%2Fwp%2Fv2%2Fmedia&parent=323"}],"curies":[{"name":"wp","href":"https:\/\/api.w.org\/{rel}","templated":true}]}}