{"id":319,"date":"2025-11-06T06:41:49","date_gmt":"2025-11-06T06:41:49","guid":{"rendered":"http:\/\/grupolindner.com.mx\/?page_id=319"},"modified":"2025-11-06T06:41:49","modified_gmt":"2025-11-06T06:41:49","slug":"tumbler","status":"publish","type":"page","link":"http:\/\/grupolindner.com.mx\/?page_id=319","title":{"rendered":"Tumbler"},"content":{"rendered":"\n<p class=\"has-text-align-center has-x-large-font-size\">TUMBLER<\/p>\n\n\n\n<div class=\"wp-block-media-text is-stacked-on-mobile\"><figure class=\"wp-block-media-text__media\"><img fetchpriority=\"high\" decoding=\"async\" width=\"800\" height=\"800\" src=\"http:\/\/grupolindner.com.mx\/wp-content\/uploads\/2025\/11\/Tumbler.jpg\" alt=\"\" class=\"wp-image-284 size-full\" srcset=\"http:\/\/grupolindner.com.mx\/wp-content\/uploads\/2025\/11\/Tumbler.jpg 800w, http:\/\/grupolindner.com.mx\/wp-content\/uploads\/2025\/11\/Tumbler-300x300.jpg 300w, http:\/\/grupolindner.com.mx\/wp-content\/uploads\/2025\/11\/Tumbler-150x150.jpg 150w, http:\/\/grupolindner.com.mx\/wp-content\/uploads\/2025\/11\/Tumbler-768x768.jpg 768w\" sizes=\"(max-width: 800px) 100vw, 800px\" \/><\/figure><div class=\"wp-block-media-text__content\">\n<p>Unidad de alta presi\u00f3n, M-710 con canastilla ahulada de giro vertical de 3 RPM para lavado (secado, etc.) para lavado de piezas dif\u00edciles a granel con \u00e1reas dif\u00edciles, (barrenos ciegos, cavidades, etc.)<\/p>\n\n\n\n<p>Incluye opciones estandar para aplicaciones especiales de desengrase, secado, inhibici\u00f3n, control de proceso, llenado autom\u00e1tico de tanque, etc.<\/p>\n<\/div><\/div>\n\n\n\n<p class=\"has-text-color has-link-color wp-elements-7d756dfed04d1e90adb135b1bea9ffad\" style=\"color:#2b2d5e\"><a href=\"https:\/\/adfsys.com\/parts-washers\/\" data-type=\"link\" data-id=\"https:\/\/adfsys.com\/parts-washers\/\"><em>M\u00e1s informaci\u00f3n<\/em><\/a><\/p>\n","protected":false},"excerpt":{"rendered":"<p>TUMBLER Unidad de alta presi\u00f3n, M-710 con canastilla ahulada de giro vertical de 3 RPM para lavado (secado, etc.) para lavado de piezas dif\u00edciles a granel con \u00e1reas dif\u00edciles, (barrenos ciegos, cavidades, etc.) Incluye opciones estandar para aplicaciones especiales de desengrase, secado, inhibici\u00f3n, control de proceso, llenado autom\u00e1tico de tanque, etc. M\u00e1s informaci\u00f3n<\/p>\n","protected":false},"author":1,"featured_media":0,"parent":0,"menu_order":0,"comment_status":"closed","ping_status":"closed","template":"","meta":{"_joinchat":[],"footnotes":""},"class_list":["post-319","page","type-page","status-publish","hentry"],"_links":{"self":[{"href":"http:\/\/grupolindner.com.mx\/index.php?rest_route=\/wp\/v2\/pages\/319","targetHints":{"allow":["GET"]}}],"collection":[{"href":"http:\/\/grupolindner.com.mx\/index.php?rest_route=\/wp\/v2\/pages"}],"about":[{"href":"http:\/\/grupolindner.com.mx\/index.php?rest_route=\/wp\/v2\/types\/page"}],"author":[{"embeddable":true,"href":"http:\/\/grupolindner.com.mx\/index.php?rest_route=\/wp\/v2\/users\/1"}],"replies":[{"embeddable":true,"href":"http:\/\/grupolindner.com.mx\/index.php?rest_route=%2Fwp%2Fv2%2Fcomments&post=319"}],"version-history":[{"count":1,"href":"http:\/\/grupolindner.com.mx\/index.php?rest_route=\/wp\/v2\/pages\/319\/revisions"}],"predecessor-version":[{"id":320,"href":"http:\/\/grupolindner.com.mx\/index.php?rest_route=\/wp\/v2\/pages\/319\/revisions\/320"}],"wp:attachment":[{"href":"http:\/\/grupolindner.com.mx\/index.php?rest_route=%2Fwp%2Fv2%2Fmedia&parent=319"}],"curies":[{"name":"wp","href":"https:\/\/api.w.org\/{rel}","templated":true}]}}