{"id":314,"date":"2025-11-06T06:35:20","date_gmt":"2025-11-06T06:35:20","guid":{"rendered":"http:\/\/grupolindner.com.mx\/?page_id=314"},"modified":"2025-11-06T06:35:20","modified_gmt":"2025-11-06T06:35:20","slug":"model-750","status":"publish","type":"page","link":"http:\/\/grupolindner.com.mx\/?page_id=314","title":{"rendered":"Model 750"},"content":{"rendered":"\n<p class=\"has-text-align-center has-x-large-font-size\">Model 750<\/p>\n\n\n\n<div class=\"wp-block-media-text is-stacked-on-mobile\"><figure class=\"wp-block-media-text__media\"><img fetchpriority=\"high\" decoding=\"async\" width=\"800\" height=\"800\" src=\"http:\/\/grupolindner.com.mx\/wp-content\/uploads\/2025\/11\/Model-750.jpg\" alt=\"\" class=\"wp-image-282 size-full\" srcset=\"http:\/\/grupolindner.com.mx\/wp-content\/uploads\/2025\/11\/Model-750.jpg 800w, http:\/\/grupolindner.com.mx\/wp-content\/uploads\/2025\/11\/Model-750-300x300.jpg 300w, http:\/\/grupolindner.com.mx\/wp-content\/uploads\/2025\/11\/Model-750-150x150.jpg 150w, http:\/\/grupolindner.com.mx\/wp-content\/uploads\/2025\/11\/Model-750-768x768.jpg 768w\" sizes=\"(max-width: 800px) 100vw, 800px\" \/><\/figure><div class=\"wp-block-media-text__content\">\n<p>Unidad de lavado por triple acci\u00f3n: inmersi\u00f3n, aspersi\u00f3n, drenado a 360\u00b0. Todas con agitaci\u00f3n para las etapas de lavados, enjuagues y secados.Para piezas medianas y peque\u00f1as complejas que requieren de lavado y secado interior y exterior de alta especificaci\u00f3n.<\/p>\n<\/div><\/div>\n\n\n\n<p class=\"has-text-color has-link-color wp-elements-e9ba05d6d599c4ca7fd60e0928455b76\" style=\"color:#2b2d5e\"><em><a href=\"https:\/\/adfsys.com\/parts-washers\/\" data-type=\"link\" data-id=\"https:\/\/adfsys.com\/parts-washers\/\">M\u00e1s informaci\u00f3n<\/a><\/em><\/p>\n\n\n\n<p><\/p>\n","protected":false},"excerpt":{"rendered":"<p>Model 750 Unidad de lavado por triple acci\u00f3n: inmersi\u00f3n, aspersi\u00f3n, drenado a 360\u00b0. Todas con agitaci\u00f3n para las etapas de lavados, enjuagues y secados.Para piezas medianas y peque\u00f1as complejas que requieren de lavado y secado interior y exterior de alta especificaci\u00f3n. M\u00e1s informaci\u00f3n<\/p>\n","protected":false},"author":1,"featured_media":0,"parent":0,"menu_order":0,"comment_status":"closed","ping_status":"closed","template":"","meta":{"_joinchat":[],"footnotes":""},"class_list":["post-314","page","type-page","status-publish","hentry"],"_links":{"self":[{"href":"http:\/\/grupolindner.com.mx\/index.php?rest_route=\/wp\/v2\/pages\/314","targetHints":{"allow":["GET"]}}],"collection":[{"href":"http:\/\/grupolindner.com.mx\/index.php?rest_route=\/wp\/v2\/pages"}],"about":[{"href":"http:\/\/grupolindner.com.mx\/index.php?rest_route=\/wp\/v2\/types\/page"}],"author":[{"embeddable":true,"href":"http:\/\/grupolindner.com.mx\/index.php?rest_route=\/wp\/v2\/users\/1"}],"replies":[{"embeddable":true,"href":"http:\/\/grupolindner.com.mx\/index.php?rest_route=%2Fwp%2Fv2%2Fcomments&post=314"}],"version-history":[{"count":1,"href":"http:\/\/grupolindner.com.mx\/index.php?rest_route=\/wp\/v2\/pages\/314\/revisions"}],"predecessor-version":[{"id":315,"href":"http:\/\/grupolindner.com.mx\/index.php?rest_route=\/wp\/v2\/pages\/314\/revisions\/315"}],"wp:attachment":[{"href":"http:\/\/grupolindner.com.mx\/index.php?rest_route=%2Fwp%2Fv2%2Fmedia&parent=314"}],"curies":[{"name":"wp","href":"https:\/\/api.w.org\/{rel}","templated":true}]}}