{"id":309,"date":"2025-11-06T06:29:22","date_gmt":"2025-11-06T06:29:22","guid":{"rendered":"http:\/\/grupolindner.com.mx\/?page_id=309"},"modified":"2025-11-07T17:01:12","modified_gmt":"2025-11-07T17:01:12","slug":"top-load","status":"publish","type":"page","link":"http:\/\/grupolindner.com.mx\/?page_id=309","title":{"rendered":"Top Load"},"content":{"rendered":"\n<p class=\"has-text-align-center has-x-large-font-size\">TOP LOAD<\/p>\n\n\n\n<div class=\"wp-block-media-text is-stacked-on-mobile\"><figure class=\"wp-block-media-text__media\"><img fetchpriority=\"high\" decoding=\"async\" width=\"800\" height=\"800\" src=\"http:\/\/grupolindner.com.mx\/wp-content\/uploads\/2025\/11\/Top-Load-1.jpg\" alt=\"\" class=\"wp-image-281 size-full\" srcset=\"http:\/\/grupolindner.com.mx\/wp-content\/uploads\/2025\/11\/Top-Load-1.jpg 800w, http:\/\/grupolindner.com.mx\/wp-content\/uploads\/2025\/11\/Top-Load-1-300x300.jpg 300w, http:\/\/grupolindner.com.mx\/wp-content\/uploads\/2025\/11\/Top-Load-1-150x150.jpg 150w, http:\/\/grupolindner.com.mx\/wp-content\/uploads\/2025\/11\/Top-Load-1-768x768.jpg 768w\" sizes=\"(max-width: 800px) 100vw, 800px\" \/><\/figure><div class=\"wp-block-media-text__content\">\n<p>Lavadoras de carga superior, canastilla giratoria, varias dimensiones est\u00e1ndar, lavado simple o multietapa seg\u00fan se requiera, incluido el secado, inhibici\u00f3n, etc. Versiones de alta presion, alto caudal y unidad menor M-160 ideal para talleres. Conjunto de elementos adicionales opcionales para adecuar el equipo. Las series de esta configuraci\u00f3n cuentan con varias dimensiones est\u00e1ndar.Lista de opcionales est\u00e1ndar para adecuar a toda gama de requerimientos particulares<\/p>\n\n\n\n<p><\/p>\n\n\n\n<div class=\"wp-block-buttons is-layout-flex wp-block-buttons-is-layout-flex\">\n<div class=\"wp-block-button is-style-fill\"><a class=\"wp-block-button__link has-background wp-element-button\" href=\"http:\/\/grupolindner.com.mx\/?page_id=84\" style=\"background-color:#2b2d5e\">CONTACTO<\/a><\/div>\n<\/div>\n<\/div><\/div>\n\n\n\n<p><em><a href=\"https:\/\/adfsys.com\/parts-washers\/\">M\u00e1s Informaci\u00f3n<\/a><\/em><\/p>\n\n\n\n<p><\/p>\n","protected":false},"excerpt":{"rendered":"<p>TOP LOAD M\u00e1s Informaci\u00f3n<\/p>\n","protected":false},"author":1,"featured_media":0,"parent":0,"menu_order":0,"comment_status":"closed","ping_status":"closed","template":"","meta":{"_joinchat":[],"footnotes":""},"class_list":["post-309","page","type-page","status-publish","hentry"],"_links":{"self":[{"href":"http:\/\/grupolindner.com.mx\/index.php?rest_route=\/wp\/v2\/pages\/309","targetHints":{"allow":["GET"]}}],"collection":[{"href":"http:\/\/grupolindner.com.mx\/index.php?rest_route=\/wp\/v2\/pages"}],"about":[{"href":"http:\/\/grupolindner.com.mx\/index.php?rest_route=\/wp\/v2\/types\/page"}],"author":[{"embeddable":true,"href":"http:\/\/grupolindner.com.mx\/index.php?rest_route=\/wp\/v2\/users\/1"}],"replies":[{"embeddable":true,"href":"http:\/\/grupolindner.com.mx\/index.php?rest_route=%2Fwp%2Fv2%2Fcomments&post=309"}],"version-history":[{"count":4,"href":"http:\/\/grupolindner.com.mx\/index.php?rest_route=\/wp\/v2\/pages\/309\/revisions"}],"predecessor-version":[{"id":353,"href":"http:\/\/grupolindner.com.mx\/index.php?rest_route=\/wp\/v2\/pages\/309\/revisions\/353"}],"wp:attachment":[{"href":"http:\/\/grupolindner.com.mx\/index.php?rest_route=%2Fwp%2Fv2%2Fmedia&parent=309"}],"curies":[{"name":"wp","href":"https:\/\/api.w.org\/{rel}","templated":true}]}}