{"id":306,"date":"2025-11-06T06:22:40","date_gmt":"2025-11-06T06:22:40","guid":{"rendered":"http:\/\/grupolindner.com.mx\/?page_id=306"},"modified":"2025-11-07T17:03:28","modified_gmt":"2025-11-07T17:03:28","slug":"pass-through","status":"publish","type":"page","link":"http:\/\/grupolindner.com.mx\/?page_id=306","title":{"rendered":"Pass Through"},"content":{"rendered":"\n<p class=\"has-text-align-center has-x-large-font-size\">PASS THROUGH<\/p>\n\n\n\n<div class=\"wp-block-media-text is-stacked-on-mobile\"><figure class=\"wp-block-media-text__media\"><img fetchpriority=\"high\" decoding=\"async\" width=\"800\" height=\"800\" src=\"http:\/\/grupolindner.com.mx\/wp-content\/uploads\/2025\/11\/pass-through.jpg\" alt=\"\" class=\"wp-image-280 size-full\" srcset=\"http:\/\/grupolindner.com.mx\/wp-content\/uploads\/2025\/11\/pass-through.jpg 800w, http:\/\/grupolindner.com.mx\/wp-content\/uploads\/2025\/11\/pass-through-300x300.jpg 300w, http:\/\/grupolindner.com.mx\/wp-content\/uploads\/2025\/11\/pass-through-150x150.jpg 150w, http:\/\/grupolindner.com.mx\/wp-content\/uploads\/2025\/11\/pass-through-768x768.jpg 768w\" sizes=\"(max-width: 800px) 100vw, 800px\" \/><\/figure><div class=\"wp-block-media-text__content\">\n<p class=\"has-medium-font-size\">Lavadora tipo \u201cbatch\u201d de alto rendimiento para c\u00e9lulas de producci\u00f3n. Versi\u00f3n en alto caudal y presiones intermedias como alta presi\u00f3n y bajo volumen.&nbsp;Etapa simple o multietapas seg\u00fan necesidades de cada caso 100% programables. Mesas de carga\/descarga y tornamesa con rodillos para facilitar el flujo de materiales. Lista de opcionales est\u00e1ndar para adecuar a toda gama de requerimientos particulares sin perder las ventajas de precio y tiempo de fabricaci\u00f3n.&nbsp;&nbsp; Varias dimensiones est\u00e1ndar disponibles<\/p>\n\n\n\n<div class=\"wp-block-buttons is-layout-flex wp-block-buttons-is-layout-flex\">\n<div class=\"wp-block-button\"><a class=\"wp-block-button__link has-background wp-element-button\" href=\"http:\/\/grupolindner.com.mx\/?page_id=84\" style=\"background-color:#2b2d5e\">CONTACTO<\/a><\/div>\n<\/div>\n<\/div><\/div>\n\n\n\n<p class=\"has-text-color has-link-color has-small-font-size wp-elements-c2968993df0466f232065c6ded7e5c2a\" style=\"color:#2b2d5e\"><a href=\"https:\/\/adfsys.com\/parts-washers\/\" data-type=\"link\" data-id=\"https:\/\/adfsys.com\/parts-washers\/\"><em>M\u00e1s Informaci\u00f3n<\/em><\/a><\/p>\n\n\n\n<p><\/p>\n","protected":false},"excerpt":{"rendered":"<p>PASS THROUGH M\u00e1s Informaci\u00f3n<\/p>\n","protected":false},"author":1,"featured_media":0,"parent":0,"menu_order":0,"comment_status":"closed","ping_status":"closed","template":"","meta":{"_joinchat":[],"footnotes":""},"class_list":["post-306","page","type-page","status-publish","hentry"],"_links":{"self":[{"href":"http:\/\/grupolindner.com.mx\/index.php?rest_route=\/wp\/v2\/pages\/306","targetHints":{"allow":["GET"]}}],"collection":[{"href":"http:\/\/grupolindner.com.mx\/index.php?rest_route=\/wp\/v2\/pages"}],"about":[{"href":"http:\/\/grupolindner.com.mx\/index.php?rest_route=\/wp\/v2\/types\/page"}],"author":[{"embeddable":true,"href":"http:\/\/grupolindner.com.mx\/index.php?rest_route=\/wp\/v2\/users\/1"}],"replies":[{"embeddable":true,"href":"http:\/\/grupolindner.com.mx\/index.php?rest_route=%2Fwp%2Fv2%2Fcomments&post=306"}],"version-history":[{"count":3,"href":"http:\/\/grupolindner.com.mx\/index.php?rest_route=\/wp\/v2\/pages\/306\/revisions"}],"predecessor-version":[{"id":356,"href":"http:\/\/grupolindner.com.mx\/index.php?rest_route=\/wp\/v2\/pages\/306\/revisions\/356"}],"wp:attachment":[{"href":"http:\/\/grupolindner.com.mx\/index.php?rest_route=%2Fwp%2Fv2%2Fmedia&parent=306"}],"curies":[{"name":"wp","href":"https:\/\/api.w.org\/{rel}","templated":true}]}}