{"id":173,"date":"2025-05-14T06:33:36","date_gmt":"2025-05-14T06:33:36","guid":{"rendered":"http:\/\/grupolindner.com.mx\/?page_id=173"},"modified":"2026-03-06T03:55:41","modified_gmt":"2026-03-06T03:55:41","slug":"perla-de-vidrio-2","status":"publish","type":"page","link":"http:\/\/grupolindner.com.mx\/?page_id=173","title":{"rendered":"Perla de Vidrio"},"content":{"rendered":"\n<p class=\"has-text-align-center has-x-large-font-size\">PERLA DE VIDRIO<\/p>\n\n\n\n<p><strong>Grupo Lindner<\/strong> es filial y distribuidora en M\u00e9xico  de la empresa estadounidense<strong> Potters Industries LLC<\/strong>, siendo esta, el mayor fabricante de esferas y microesferas del mundo, ofreciendo calidad a sus clientes en cuanto al producto se refiere. <\/p>\n\n\n\n<div class=\"wp-block-columns is-layout-flex wp-container-core-columns-is-layout-28f84493 wp-block-columns-is-layout-flex\">\n<div class=\"wp-block-column is-layout-flow wp-block-column-is-layout-flow\">\n<figure class=\"wp-block-image size-full\"><img fetchpriority=\"high\" decoding=\"async\" width=\"355\" height=\"462\" src=\"http:\/\/grupolindner.com.mx\/wp-content\/uploads\/2026\/03\/image.png\" alt=\"\" class=\"wp-image-408\" srcset=\"http:\/\/grupolindner.com.mx\/wp-content\/uploads\/2026\/03\/image.png 355w, http:\/\/grupolindner.com.mx\/wp-content\/uploads\/2026\/03\/image-231x300.png 231w\" sizes=\"(max-width: 355px) 100vw, 355px\" \/><\/figure>\n<\/div>\n\n\n\n<div class=\"wp-block-column is-layout-flow wp-block-column-is-layout-flow\">\n<figure class=\"wp-block-image size-full is-resized\"><img decoding=\"async\" width=\"382\" height=\"459\" src=\"http:\/\/grupolindner.com.mx\/wp-content\/uploads\/2026\/03\/image-1.png\" alt=\"\" class=\"wp-image-411\" style=\"width:382px;height:auto\" srcset=\"http:\/\/grupolindner.com.mx\/wp-content\/uploads\/2026\/03\/image-1.png 382w, http:\/\/grupolindner.com.mx\/wp-content\/uploads\/2026\/03\/image-1-250x300.png 250w\" sizes=\"(max-width: 382px) 100vw, 382px\" \/><\/figure>\n<\/div>\n<\/div>\n\n\n\n<p><mark style=\"background-color:rgba(0, 0, 0, 0);color:#2b2d5e\" class=\"has-inline-color\">\uf0a7 Resultados r\u00e1pidos:<\/mark> limpieza, acabado, desprendimiento y desbarbado en un solo paso<br>\uf0a7 Resultados: acabado limpio sin eliminaci\u00f3n significativa de metal ni cambios en las tolerancias<br>\uf0a7 Vers\u00e1til: crea una amplia gama de acabados superficiales reproducibles<br>\uf0a7 Econ\u00f3mico: se puede reciclar\/reutilizar muchas veces<br>\uf0a7 Qu\u00edmicamente inerte: sin residuos ferrosos ni de otro tipo<br>\uf0a7 L\u00edder en la industria: m\u00e1s de 90 a\u00f1os de experiencia<br>\uf0a7 Grados: AMS 2431\/6D, MIL SPEC PRF 9954D y tama\u00f1os comerciales disponibles<\/p>\n\n\n\n<p><\/p>\n","protected":false},"excerpt":{"rendered":"<p>PERLA DE VIDRIO Grupo Lindner es filial y distribuidora en M\u00e9xico de la empresa estadounidense Potters Industries LLC, siendo esta, el mayor fabricante de esferas y microesferas del mundo, ofreciendo calidad a sus clientes en cuanto al producto se refiere. \uf0a7 Resultados r\u00e1pidos: limpieza, acabado, desprendimiento y desbarbado en un solo paso\uf0a7 Resultados: acabado limpio [&hellip;]<\/p>\n","protected":false},"author":1,"featured_media":0,"parent":0,"menu_order":0,"comment_status":"closed","ping_status":"closed","template":"","meta":{"_joinchat":[],"footnotes":""},"class_list":["post-173","page","type-page","status-publish","hentry"],"_links":{"self":[{"href":"http:\/\/grupolindner.com.mx\/index.php?rest_route=\/wp\/v2\/pages\/173","targetHints":{"allow":["GET"]}}],"collection":[{"href":"http:\/\/grupolindner.com.mx\/index.php?rest_route=\/wp\/v2\/pages"}],"about":[{"href":"http:\/\/grupolindner.com.mx\/index.php?rest_route=\/wp\/v2\/types\/page"}],"author":[{"embeddable":true,"href":"http:\/\/grupolindner.com.mx\/index.php?rest_route=\/wp\/v2\/users\/1"}],"replies":[{"embeddable":true,"href":"http:\/\/grupolindner.com.mx\/index.php?rest_route=%2Fwp%2Fv2%2Fcomments&post=173"}],"version-history":[{"count":7,"href":"http:\/\/grupolindner.com.mx\/index.php?rest_route=\/wp\/v2\/pages\/173\/revisions"}],"predecessor-version":[{"id":414,"href":"http:\/\/grupolindner.com.mx\/index.php?rest_route=\/wp\/v2\/pages\/173\/revisions\/414"}],"wp:attachment":[{"href":"http:\/\/grupolindner.com.mx\/index.php?rest_route=%2Fwp%2Fv2%2Fmedia&parent=173"}],"curies":[{"name":"wp","href":"https:\/\/api.w.org\/{rel}","templated":true}]}}